{"id":1622,"date":"2021-05-20T11:50:30","date_gmt":"2021-05-20T11:50:30","guid":{"rendered":"https:\/\/askka.qodeinteractive.com\/?page_id=1622"},"modified":"2025-11-07T20:45:39","modified_gmt":"2025-11-07T20:45:39","slug":"contact-us","status":"publish","type":"page","link":"https:\/\/aklumina.com\/sq\/contact-us\/","title":{"rendered":"Kontaktoni"},"content":{"rendered":"\t\t<div data-elementor-type=\"wp-page\" data-elementor-id=\"1622\" class=\"elementor elementor-1622\">\n\t\t\t\t\t\t<section class=\"elementor-section elementor-top-section elementor-element elementor-element-bd25485 elementor-section-full_width elementor-section-height-default elementor-section-height-default qodef-elementor-content-no\" data-id=\"bd25485\" data-element_type=\"section\" data-e-type=\"section\">\n\t\t\t\t\t\t<div class=\"elementor-container elementor-column-gap-default\">\n\t\t\t\t\t<div class=\"elementor-column elementor-col-100 elementor-top-column elementor-element elementor-element-98d931f\" data-id=\"98d931f\" data-element_type=\"column\" data-e-type=\"column\">\n\t\t\t<div class=\"elementor-widget-wrap elementor-element-populated\">\n\t\t\t\t\t\t<div class=\"elementor-element elementor-element-743daea elementor-widget elementor-widget-askka_core_google_map\" data-id=\"743daea\" data-element_type=\"widget\" data-e-type=\"widget\" data-widget_type=\"askka_core_google_map.default\">\n\t\t\t\t<div class=\"elementor-widget-container\">\n\t\t\t\t\t<div class=\"qodef-shortcode qodef-m qodef-google-map\">\n\t<div class=\"qodef-m-map\" id=\"qodef-map-id--535\" data-addresses='[\"139 Journal Square \"]' data-pin=https:\/\/aklumina.com\/wp-content\/uploads\/2021\/06\/pin-icon-map.png data-unique-id=535 data-height=360><\/div>\n<\/div>\n\t\t\t\t<\/div>\n\t\t\t\t<\/div>\n\t\t\t\t\t<\/div>\n\t\t<\/div>\n\t\t\t\t\t<\/div>\n\t\t<\/section>\n\t\t\t\t<section class=\"elementor-section elementor-top-section elementor-element elementor-element-8459a8f elementor-section-boxed elementor-section-height-default elementor-section-height-default qodef-elementor-content-no\" data-id=\"8459a8f\" data-element_type=\"section\" data-e-type=\"section\">\n\t\t\t\t\t\t<div class=\"elementor-container elementor-column-gap-default\">\n\t\t\t\t\t<div class=\"elementor-column elementor-col-100 elementor-top-column elementor-element elementor-element-ff16d4d\" data-id=\"ff16d4d\" data-element_type=\"column\" data-e-type=\"column\">\n\t\t\t<div class=\"elementor-widget-wrap elementor-element-populated\">\n\t\t\t\t\t\t<div class=\"elementor-element elementor-element-ae236fa elementor-widget elementor-widget-askka_core_section_title\" data-id=\"ae236fa\" data-element_type=\"widget\" data-e-type=\"widget\" data-widget_type=\"askka_core_section_title.default\">\n\t\t\t\t<div class=\"elementor-widget-container\">\n\t\t\t\t\t<div class=\"qodef-shortcode qodef-m qodef-section-title qodef-alignment--center\"  >\n\t\t<var class=\"qodef-m-background-text\" data-vertical-offset-3840=\"35\" style=\"font-size: 130px;top: 35px\">\n\t\t<span>Lumina<\/span>\n\t<\/var>\n\t\t<span class=\"qodef-m-subtitle\" >contact us<\/span>\n\t\t<h2 class=\"qodef-m-title\" >\n\t\t\t\t\tWrite us a letter\t\t\t<\/h2>\n\t<\/div>\n\t\t\t\t<\/div>\n\t\t\t\t<\/div>\n\t\t\t\t\t<\/div>\n\t\t<\/div>\n\t\t\t\t\t<\/div>\n\t\t<\/section>\n\t\t\t\t<section class=\"elementor-section elementor-top-section elementor-element elementor-element-863d153 elementor-section-boxed elementor-section-height-default elementor-section-height-default qodef-elementor-content-no\" data-id=\"863d153\" data-element_type=\"section\" data-e-type=\"section\">\n\t\t\t\t\t\t<div class=\"elementor-container elementor-column-gap-default\">\n\t\t\t\t\t<div class=\"elementor-column elementor-col-100 elementor-top-column elementor-element elementor-element-eaf4bbc\" data-id=\"eaf4bbc\" data-element_type=\"column\" data-e-type=\"column\">\n\t\t\t<div class=\"elementor-widget-wrap elementor-element-populated\">\n\t\t\t\t\t\t<div class=\"elementor-element elementor-element-14eb6af elementor-widget elementor-widget-wp-widget-askka_core_contact_form_7\" data-id=\"14eb6af\" data-element_type=\"widget\" data-e-type=\"widget\" data-widget_type=\"wp-widget-askka_core_contact_form_7.default\">\n\t\t\t\t<div class=\"elementor-widget-container\">\n\t\t\t\t\t\t\t\t<div class=\"qodef-contact-form-7\">\n\t\t\t\t\n<div class=\"wpcf7 no-js\" id=\"wpcf7-f1514-o1\" lang=\"en-US\" dir=\"ltr\" data-wpcf7-id=\"1514\">\n<div class=\"screen-reader-response\"><p role=\"status\" aria-live=\"polite\" aria-atomic=\"true\"><\/p> <ul><\/ul><\/div>\n<form action=\"\/sq\/wp-json\/wp\/v2\/pages\/1622#wpcf7-f1514-o1\" method=\"post\" class=\"wpcf7-form init\" aria-label=\"Contact form\" novalidate=\"novalidate\" data-status=\"init\">\n<fieldset class=\"hidden-fields-container\"><input type=\"hidden\" name=\"_wpcf7\" value=\"1514\" \/><input type=\"hidden\" name=\"_wpcf7_version\" value=\"6.1.5\" \/><input type=\"hidden\" name=\"_wpcf7_locale\" value=\"en_US\" \/><input type=\"hidden\" name=\"_wpcf7_unit_tag\" value=\"wpcf7-f1514-o1\" \/><input type=\"hidden\" name=\"_wpcf7_container_post\" value=\"0\" \/><input type=\"hidden\" name=\"_wpcf7_posted_data_hash\" value=\"\" \/>\n<\/fieldset>\n<div class=\"qodef-contact-form-inner\">\n<div class=\"qodef-contact-form-row\"><span class=\"wpcf7-form-control-wrap\" data-name=\"your-name\"><input size=\"40\" maxlength=\"400\" class=\"wpcf7-form-control wpcf7-text wpcf7-validates-as-required\" aria-required=\"true\" aria-invalid=\"false\" placeholder=\"Full name\" value=\"\" type=\"text\" name=\"your-name\" \/><\/span><span class=\"wpcf7-form-control-wrap\" data-name=\"your-email\"><input size=\"40\" maxlength=\"400\" class=\"wpcf7-form-control wpcf7-email wpcf7-validates-as-required wpcf7-text wpcf7-validates-as-email\" aria-required=\"true\" aria-invalid=\"false\" placeholder=\"Your email\" value=\"\" type=\"email\" name=\"your-email\" \/><\/span> <\/div>\n<div class=\"qodef-contact-form-row\"><span class=\"wpcf7-form-control-wrap\" data-name=\"your-website\"><input size=\"40\" maxlength=\"400\" class=\"wpcf7-form-control wpcf7-text wpcf7-validates-as-required\" aria-required=\"true\" aria-invalid=\"false\" placeholder=\"Website\" value=\"\" type=\"text\" name=\"your-website\" \/><\/span><span class=\"wpcf7-form-control-wrap\" data-name=\"your-telephone\"><input size=\"40\" maxlength=\"400\" class=\"wpcf7-form-control wpcf7-text wpcf7-validates-as-required\" aria-required=\"true\" aria-invalid=\"false\" placeholder=\"Telephone\" value=\"\" type=\"text\" name=\"your-telephone\" \/><\/span><\/div>\n<div class=\"qodef-contact-text-row\"><span class=\"wpcf7-form-control-wrap\" data-name=\"your-message\"><textarea cols=\"40\" rows=\"3\" maxlength=\"2000\" class=\"wpcf7-form-control wpcf7-textarea\" aria-invalid=\"false\" placeholder=\"Message\" name=\"your-message\"><\/textarea><\/span><\/div>\n<div class=\"qodef-contact-button-row\"><button class=\"wpcf7-form-control wpcf7-submit qodef-button qodef-size--normal qodef-layout--filled qodef-m\" type=\"submit\"><span class=\"qodef-m-text\">Send message<\/span><\/button><\/div>\n<\/div><div class=\"wpcf7-response-output\" aria-hidden=\"true\"><\/div>\n<\/form>\n<\/div>\n\t\t\t<\/div>\n\t\t\t\t\t\t\t<\/div>\n\t\t\t\t<\/div>\n\t\t\t\t\t<\/div>\n\t\t<\/div>\n\t\t\t\t\t<\/div>\n\t\t<\/section>\n\t\t\t\t<section class=\"elementor-section elementor-top-section elementor-element elementor-element-0f352d7 elementor-section-boxed elementor-section-height-default elementor-section-height-default qodef-elementor-content-no\" data-id=\"0f352d7\" data-element_type=\"section\" data-e-type=\"section\">\n\t\t\t\t\t\t<div class=\"elementor-container elementor-column-gap-default\">\n\t\t\t\t\t<div class=\"elementor-column elementor-col-33 elementor-top-column elementor-element elementor-element-d088500\" data-id=\"d088500\" data-element_type=\"column\" data-e-type=\"column\">\n\t\t\t<div class=\"elementor-widget-wrap elementor-element-populated\">\n\t\t\t\t\t\t<div class=\"elementor-element elementor-element-f916362 elementor-widget__width-inherit elementor-widget elementor-widget-askka_core_section_title\" data-id=\"f916362\" data-element_type=\"widget\" data-e-type=\"widget\" data-widget_type=\"askka_core_section_title.default\">\n\t\t\t\t<div class=\"elementor-widget-container\">\n\t\t\t\t\t<div class=\"qodef-shortcode qodef-m qodef-section-title qodef-alignment--center\"  >\n\t\t\t\t<h5 class=\"qodef-m-title\" >\n\t\t\t\t\tlocation\t\t\t<\/h5>\n\t\t<p class=\"qodef-m-text\" style=\"margin-top: 13px\">Address: Tirane , Albania\n<\/p>\n<\/div>\n\t\t\t\t<\/div>\n\t\t\t\t<\/div>\n\t\t\t\t\t<\/div>\n\t\t<\/div>\n\t\t\t\t<div class=\"elementor-column elementor-col-33 elementor-top-column elementor-element elementor-element-2c38d92\" data-id=\"2c38d92\" data-element_type=\"column\" data-e-type=\"column\">\n\t\t\t<div class=\"elementor-widget-wrap elementor-element-populated\">\n\t\t\t\t\t\t<div class=\"elementor-element elementor-element-0b7fff3 elementor-widget__width-inherit elementor-widget elementor-widget-askka_core_section_title\" data-id=\"0b7fff3\" data-element_type=\"widget\" data-e-type=\"widget\" data-widget_type=\"askka_core_section_title.default\">\n\t\t\t\t<div class=\"elementor-widget-container\">\n\t\t\t\t\t<div class=\"qodef-shortcode qodef-m qodef-section-title qodef-alignment--center\"  >\n\t\t\t\t<h5 class=\"qodef-m-title\" >\n\t\t\t\t\t<a itemprop=\"url\" href=\"mailto:aklumina.al@gmail.com\" target=\"_self\">\n\t\t\t\t\temail address\t\t\t\t\t<\/a>\n\t\t\t<\/h5>\n\t\t<p class=\"qodef-m-text\" style=\"margin-top: 13px\">E-mail: aklumina.al@gmail.com\n<\/p>\n<\/div>\n\t\t\t\t<\/div>\n\t\t\t\t<\/div>\n\t\t\t\t\t<\/div>\n\t\t<\/div>\n\t\t\t\t<div class=\"elementor-column elementor-col-33 elementor-top-column elementor-element elementor-element-e0d277f\" data-id=\"e0d277f\" data-element_type=\"column\" data-e-type=\"column\">\n\t\t\t<div class=\"elementor-widget-wrap elementor-element-populated\">\n\t\t\t\t\t\t<div class=\"elementor-element elementor-element-9183e60 elementor-widget__width-inherit elementor-widget elementor-widget-askka_core_section_title\" data-id=\"9183e60\" data-element_type=\"widget\" data-e-type=\"widget\" data-widget_type=\"askka_core_section_title.default\">\n\t\t\t\t<div class=\"elementor-widget-container\">\n\t\t\t\t\t<div class=\"qodef-shortcode qodef-m qodef-section-title qodef-alignment--center\"  >\n\t\t\t\t<h5 class=\"qodef-m-title\" >\n\t\t\t\t\t<a itemprop=\"url\" href=\"tel:+355673080888\" target=\"_self\">\n\t\t\t\t\tphone number\t\t\t\t\t<\/a>\n\t\t\t<\/h5>\n\t\t<p class=\"qodef-m-text\" style=\"margin-top: 13px\">Phone : +355 67 308 0888<\/p>\n<\/div>\n\t\t\t\t<\/div>\n\t\t\t\t<\/div>\n\t\t\t\t\t<\/div>\n\t\t<\/div>\n\t\t\t\t\t<\/div>\n\t\t<\/section>\n\t\t<div class=\"elementor-element elementor-element-ee222c9 e-con-full e-flex qodef-elementor-content-no e-con e-parent\" data-id=\"ee222c9\" data-element_type=\"container\" data-e-type=\"container\">\n\t\t<div class=\"elementor-element elementor-element-f2d716a e-con-full e-flex qodef-elementor-content-no e-con e-child\" data-id=\"f2d716a\" data-element_type=\"container\" data-e-type=\"container\">\n\t\t\t\t<div class=\"elementor-element elementor-element-1edf42d elementor-widget elementor-widget-image\" data-id=\"1edf42d\" data-element_type=\"widget\" data-e-type=\"widget\" data-widget_type=\"image.default\">\n\t\t\t\t\t\t\t\t\t\t\t\t\t\t\t\t<a href=\"https:\/\/aklumina.com\/wp-content\/uploads\/2025\/09\/Ak-Lumina-16-scaled.webp\" data-elementor-open-lightbox=\"yes\" data-elementor-lightbox-title=\"Ak Lumina (16)\" data-e-action-hash=\"#elementor-action%3Aaction%3Dlightbox%26settings%3DeyJpZCI6ODc2OCwidXJsIjoiaHR0cHM6XC9cL2FrbHVtaW5hLmNvbVwvd3AtY29udGVudFwvdXBsb2Fkc1wvMjAyNVwvMDlcL0FrLUx1bWluYS0xNi1zY2FsZWQud2VicCJ9\">\n\t\t\t\t\t\t\t<img fetchpriority=\"high\" decoding=\"async\" width=\"819\" height=\"1024\" src=\"https:\/\/aklumina.com\/wp-content\/uploads\/2025\/09\/Ak-Lumina-16-819x1024.webp\" class=\"attachment-large size-large wp-image-8768\" alt=\"\" srcset=\"https:\/\/aklumina.com\/wp-content\/uploads\/2025\/09\/Ak-Lumina-16-819x1024.webp 819w, https:\/\/aklumina.com\/wp-content\/uploads\/2025\/09\/Ak-Lumina-16-scaled-600x750.webp 600w, https:\/\/aklumina.com\/wp-content\/uploads\/2025\/09\/Ak-Lumina-16-240x300.webp 240w, https:\/\/aklumina.com\/wp-content\/uploads\/2025\/09\/Ak-Lumina-16-768x960.webp 768w, https:\/\/aklumina.com\/wp-content\/uploads\/2025\/09\/Ak-Lumina-16-1229x1536.webp 1229w, https:\/\/aklumina.com\/wp-content\/uploads\/2025\/09\/Ak-Lumina-16-1638x2048.webp 1638w, https:\/\/aklumina.com\/wp-content\/uploads\/2025\/09\/Ak-Lumina-16-scaled.webp 2048w\" sizes=\"(max-width: 819px) 100vw, 819px\" \/>\t\t\t\t\t\t\t\t<\/a>\n\t\t\t\t\t\t\t\t\t\t\t\t\t\t\t<\/div>\n\t\t\t\t<\/div>\n\t\t<div class=\"elementor-element elementor-element-439cb0b e-con-full e-flex qodef-elementor-content-no e-con e-child\" data-id=\"439cb0b\" data-element_type=\"container\" data-e-type=\"container\">\n\t\t\t\t<div class=\"elementor-element elementor-element-925c293 elementor-widget elementor-widget-image\" data-id=\"925c293\" data-element_type=\"widget\" data-e-type=\"widget\" data-widget_type=\"image.default\">\n\t\t\t\t\t\t\t\t\t\t\t\t\t\t\t\t<a href=\"https:\/\/aklumina.com\/wp-content\/uploads\/2025\/09\/Ak-Lumina-15-scaled.webp\" data-elementor-open-lightbox=\"yes\" data-elementor-lightbox-title=\"Ak Lumina (15)\" data-e-action-hash=\"#elementor-action%3Aaction%3Dlightbox%26settings%3DeyJpZCI6ODc2NywidXJsIjoiaHR0cHM6XC9cL2FrbHVtaW5hLmNvbVwvd3AtY29udGVudFwvdXBsb2Fkc1wvMjAyNVwvMDlcL0FrLUx1bWluYS0xNS1zY2FsZWQud2VicCJ9\">\n\t\t\t\t\t\t\t<img decoding=\"async\" width=\"819\" height=\"1024\" src=\"https:\/\/aklumina.com\/wp-content\/uploads\/2025\/09\/Ak-Lumina-15-819x1024.webp\" class=\"attachment-large size-large wp-image-8767\" alt=\"\" srcset=\"https:\/\/aklumina.com\/wp-content\/uploads\/2025\/09\/Ak-Lumina-15-819x1024.webp 819w, https:\/\/aklumina.com\/wp-content\/uploads\/2025\/09\/Ak-Lumina-15-scaled-600x750.webp 600w, https:\/\/aklumina.com\/wp-content\/uploads\/2025\/09\/Ak-Lumina-15-240x300.webp 240w, https:\/\/aklumina.com\/wp-content\/uploads\/2025\/09\/Ak-Lumina-15-768x960.webp 768w, https:\/\/aklumina.com\/wp-content\/uploads\/2025\/09\/Ak-Lumina-15-1229x1536.webp 1229w, https:\/\/aklumina.com\/wp-content\/uploads\/2025\/09\/Ak-Lumina-15-1639x2048.webp 1639w, https:\/\/aklumina.com\/wp-content\/uploads\/2025\/09\/Ak-Lumina-15-scaled.webp 2048w\" sizes=\"(max-width: 819px) 100vw, 819px\" \/>\t\t\t\t\t\t\t\t<\/a>\n\t\t\t\t\t\t\t\t\t\t\t\t\t\t\t<\/div>\n\t\t\t\t<\/div>\n\t\t<div class=\"elementor-element elementor-element-9d3493d e-con-full e-flex qodef-elementor-content-no e-con e-child\" data-id=\"9d3493d\" data-element_type=\"container\" data-e-type=\"container\">\n\t\t\t\t<div class=\"elementor-element elementor-element-812473c elementor-widget elementor-widget-image\" data-id=\"812473c\" data-element_type=\"widget\" data-e-type=\"widget\" data-widget_type=\"image.default\">\n\t\t\t\t\t\t\t\t\t\t\t\t\t\t\t\t<a href=\"https:\/\/aklumina.com\/wp-content\/uploads\/2025\/09\/Ak-Lumina-9-scaled.webp\" data-elementor-open-lightbox=\"yes\" data-elementor-lightbox-title=\"Ak Lumina (9)\" data-e-action-hash=\"#elementor-action%3Aaction%3Dlightbox%26settings%3DeyJpZCI6ODc2MSwidXJsIjoiaHR0cHM6XC9cL2FrbHVtaW5hLmNvbVwvd3AtY29udGVudFwvdXBsb2Fkc1wvMjAyNVwvMDlcL0FrLUx1bWluYS05LXNjYWxlZC53ZWJwIn0%3D\">\n\t\t\t\t\t\t\t<img decoding=\"async\" width=\"820\" height=\"1024\" src=\"https:\/\/aklumina.com\/wp-content\/uploads\/2025\/09\/Ak-Lumina-9-820x1024.webp\" class=\"attachment-large size-large wp-image-8761\" alt=\"\" srcset=\"https:\/\/aklumina.com\/wp-content\/uploads\/2025\/09\/Ak-Lumina-9-820x1024.webp 820w, https:\/\/aklumina.com\/wp-content\/uploads\/2025\/09\/Ak-Lumina-9-scaled-600x750.webp 600w, https:\/\/aklumina.com\/wp-content\/uploads\/2025\/09\/Ak-Lumina-9-240x300.webp 240w, https:\/\/aklumina.com\/wp-content\/uploads\/2025\/09\/Ak-Lumina-9-768x960.webp 768w, https:\/\/aklumina.com\/wp-content\/uploads\/2025\/09\/Ak-Lumina-9-1229x1536.webp 1229w, https:\/\/aklumina.com\/wp-content\/uploads\/2025\/09\/Ak-Lumina-9-1639x2048.webp 1639w\" sizes=\"(max-width: 820px) 100vw, 820px\" \/>\t\t\t\t\t\t\t\t<\/a>\n\t\t\t\t\t\t\t\t\t\t\t\t\t\t\t<\/div>\n\t\t\t\t<\/div>\n\t\t<div class=\"elementor-element elementor-element-b391f3c e-con-full e-flex qodef-elementor-content-no e-con e-child\" data-id=\"b391f3c\" data-element_type=\"container\" data-e-type=\"container\">\n\t\t\t\t<div class=\"elementor-element elementor-element-8f7a46a elementor-widget elementor-widget-image\" data-id=\"8f7a46a\" data-element_type=\"widget\" data-e-type=\"widget\" data-widget_type=\"image.default\">\n\t\t\t\t\t\t\t\t\t\t\t\t\t\t\t\t<a href=\"https:\/\/aklumina.com\/wp-content\/uploads\/2025\/09\/Ak-Lumina-21-scaled.webp\" data-elementor-open-lightbox=\"yes\" data-elementor-lightbox-title=\"Ak Lumina (21)\" data-e-action-hash=\"#elementor-action%3Aaction%3Dlightbox%26settings%3DeyJpZCI6ODc3MywidXJsIjoiaHR0cHM6XC9cL2FrbHVtaW5hLmNvbVwvd3AtY29udGVudFwvdXBsb2Fkc1wvMjAyNVwvMDlcL0FrLUx1bWluYS0yMS1zY2FsZWQud2VicCJ9\">\n\t\t\t\t\t\t\t<img loading=\"lazy\" decoding=\"async\" width=\"819\" height=\"1024\" src=\"https:\/\/aklumina.com\/wp-content\/uploads\/2025\/09\/Ak-Lumina-21-819x1024.webp\" class=\"attachment-large size-large wp-image-8773\" alt=\"\" srcset=\"https:\/\/aklumina.com\/wp-content\/uploads\/2025\/09\/Ak-Lumina-21-819x1024.webp 819w, https:\/\/aklumina.com\/wp-content\/uploads\/2025\/09\/Ak-Lumina-21-scaled-600x750.webp 600w, https:\/\/aklumina.com\/wp-content\/uploads\/2025\/09\/Ak-Lumina-21-240x300.webp 240w, https:\/\/aklumina.com\/wp-content\/uploads\/2025\/09\/Ak-Lumina-21-768x960.webp 768w, https:\/\/aklumina.com\/wp-content\/uploads\/2025\/09\/Ak-Lumina-21-1229x1536.webp 1229w, https:\/\/aklumina.com\/wp-content\/uploads\/2025\/09\/Ak-Lumina-21-1639x2048.webp 1639w, https:\/\/aklumina.com\/wp-content\/uploads\/2025\/09\/Ak-Lumina-21-scaled.webp 2048w\" sizes=\"(max-width: 819px) 100vw, 819px\" \/>\t\t\t\t\t\t\t\t<\/a>\n\t\t\t\t\t\t\t\t\t\t\t\t\t\t\t<\/div>\n\t\t\t\t<\/div>\n\t\t\t\t<\/div>\n\t\t\t\t<\/div>\n\t\t","protected":false},"excerpt":{"rendered":"<p>Lumina contact us Write us a letter location Address: Tirane , Albania email address E-mail: aklumina.al@gmail.com phone number Phone : +355 67 308 0888<\/p>","protected":false},"author":1,"featured_media":0,"parent":0,"menu_order":0,"comment_status":"closed","ping_status":"closed","template":"page-full-width.php","meta":{"footnotes":""},"class_list":["post-1622","page","type-page","status-publish","hentry"],"yoast_head":"<!-- This site is optimized with the Yoast SEO plugin v27.5 - https:\/\/yoast.com\/product\/yoast-seo-wordpress\/ -->\n<title>Contact Us - Ak Lumina<\/title>\n<meta name=\"description\" content=\"Handcrafted with the finest materials, ensuring each candle meets our high standards of elegance and durability.\" \/>\n<meta name=\"robots\" content=\"index, follow, max-snippet:-1, max-image-preview:large, max-video-preview:-1\" \/>\n<link rel=\"canonical\" href=\"https:\/\/aklumina.com\/sq\/contact-us\/\" \/>\n<meta property=\"og:locale\" content=\"sq_AL\" \/>\n<meta property=\"og:type\" content=\"article\" \/>\n<meta property=\"og:title\" content=\"Contact Us - Ak Lumina\" \/>\n<meta property=\"og:description\" content=\"Handcrafted with the finest materials, ensuring each candle meets our high standards of elegance and durability.\" \/>\n<meta property=\"og:url\" content=\"https:\/\/aklumina.com\/sq\/contact-us\/\" \/>\n<meta property=\"og:site_name\" content=\"Ak Lumina\" \/>\n<meta property=\"article:publisher\" content=\"https:\/\/www.facebook.com\/profile.php?id=61573573688160\" \/>\n<meta property=\"article:modified_time\" content=\"2025-11-07T20:45:39+00:00\" \/>\n<meta property=\"og:image\" content=\"https:\/\/aklumina.com\/wp-content\/uploads\/2025\/09\/Ak-Lumina-16-819x1024.webp\" \/>\n<meta name=\"twitter:card\" content=\"summary_large_image\" \/>\n<meta name=\"twitter:label1\" content=\"Est. reading time\" \/>\n\t<meta name=\"twitter:data1\" content=\"1 minut\u00eb\" \/>\n<script type=\"application\/ld+json\" class=\"yoast-schema-graph\">{\"@context\":\"https:\\\/\\\/schema.org\",\"@graph\":[{\"@type\":\"WebPage\",\"@id\":\"https:\\\/\\\/aklumina.com\\\/contact-us\\\/\",\"url\":\"https:\\\/\\\/aklumina.com\\\/contact-us\\\/\",\"name\":\"Contact Us - Ak Lumina\",\"isPartOf\":{\"@id\":\"https:\\\/\\\/aklumina.com\\\/#website\"},\"primaryImageOfPage\":{\"@id\":\"https:\\\/\\\/aklumina.com\\\/contact-us\\\/#primaryimage\"},\"image\":{\"@id\":\"https:\\\/\\\/aklumina.com\\\/contact-us\\\/#primaryimage\"},\"thumbnailUrl\":\"https:\\\/\\\/aklumina.com\\\/wp-content\\\/uploads\\\/2025\\\/09\\\/Ak-Lumina-16-819x1024.webp\",\"datePublished\":\"2021-05-20T11:50:30+00:00\",\"dateModified\":\"2025-11-07T20:45:39+00:00\",\"description\":\"Handcrafted with the finest materials, ensuring each candle meets our high standards of elegance and durability.\",\"breadcrumb\":{\"@id\":\"https:\\\/\\\/aklumina.com\\\/contact-us\\\/#breadcrumb\"},\"inLanguage\":\"sq\",\"potentialAction\":[{\"@type\":\"ReadAction\",\"target\":[\"https:\\\/\\\/aklumina.com\\\/contact-us\\\/\"]}]},{\"@type\":\"ImageObject\",\"inLanguage\":\"sq\",\"@id\":\"https:\\\/\\\/aklumina.com\\\/contact-us\\\/#primaryimage\",\"url\":\"https:\\\/\\\/aklumina.com\\\/wp-content\\\/uploads\\\/2025\\\/09\\\/Ak-Lumina-16-819x1024.webp\",\"contentUrl\":\"https:\\\/\\\/aklumina.com\\\/wp-content\\\/uploads\\\/2025\\\/09\\\/Ak-Lumina-16-819x1024.webp\"},{\"@type\":\"BreadcrumbList\",\"@id\":\"https:\\\/\\\/aklumina.com\\\/contact-us\\\/#breadcrumb\",\"itemListElement\":[{\"@type\":\"ListItem\",\"position\":1,\"name\":\"Home\",\"item\":\"https:\\\/\\\/aklumina.com\\\/\"},{\"@type\":\"ListItem\",\"position\":2,\"name\":\"Contact Us\"}]},{\"@type\":\"WebSite\",\"@id\":\"https:\\\/\\\/aklumina.com\\\/#website\",\"url\":\"https:\\\/\\\/aklumina.com\\\/\",\"name\":\"Ak Lumina\",\"description\":\"Qiri ne Shqiperi\",\"publisher\":{\"@id\":\"https:\\\/\\\/aklumina.com\\\/#organization\"},\"alternateName\":\"Ak Lumina\",\"potentialAction\":[{\"@type\":\"SearchAction\",\"target\":{\"@type\":\"EntryPoint\",\"urlTemplate\":\"https:\\\/\\\/aklumina.com\\\/?s={search_term_string}\"},\"query-input\":{\"@type\":\"PropertyValueSpecification\",\"valueRequired\":true,\"valueName\":\"search_term_string\"}}],\"inLanguage\":\"sq\"},{\"@type\":\"Organization\",\"@id\":\"https:\\\/\\\/aklumina.com\\\/#organization\",\"name\":\"Ak Lumina\",\"alternateName\":\"Ak Lumina\",\"url\":\"https:\\\/\\\/aklumina.com\\\/\",\"logo\":{\"@type\":\"ImageObject\",\"inLanguage\":\"sq\",\"@id\":\"https:\\\/\\\/aklumina.com\\\/#\\\/schema\\\/logo\\\/image\\\/\",\"url\":\"https:\\\/\\\/aklumina.com\\\/wp-content\\\/uploads\\\/2025\\\/11\\\/Add-a-heading-1.png\",\"contentUrl\":\"https:\\\/\\\/aklumina.com\\\/wp-content\\\/uploads\\\/2025\\\/11\\\/Add-a-heading-1.png\",\"width\":1000,\"height\":1000,\"caption\":\"Ak Lumina\"},\"image\":{\"@id\":\"https:\\\/\\\/aklumina.com\\\/#\\\/schema\\\/logo\\\/image\\\/\"},\"sameAs\":[\"https:\\\/\\\/www.facebook.com\\\/profile.php?id=61573573688160\"]}]}<\/script>\n<!-- \/ Yoast SEO plugin. -->","yoast_head_json":{"title":"Contact Us - Ak Lumina","description":"E punuar me dor\u00eb nga materialet m\u00eb t\u00eb mira, duke siguruar q\u00eb \u00e7do qiri t\u00eb p\u00ebrmbush\u00eb standardet tona t\u00eb larta t\u00eb eleganc\u00ebs .","robots":{"index":"index","follow":"follow","max-snippet":"max-snippet:-1","max-image-preview":"max-image-preview:large","max-video-preview":"max-video-preview:-1"},"canonical":"https:\/\/aklumina.com\/sq\/contact-us\/","og_locale":"sq_AL","og_type":"article","og_title":"Contact Us - Ak Lumina","og_description":"Handcrafted with the finest materials, ensuring each candle meets our high standards of elegance and durability.","og_url":"https:\/\/aklumina.com\/sq\/contact-us\/","og_site_name":"Ak Lumina","article_publisher":"https:\/\/www.facebook.com\/profile.php?id=61573573688160","article_modified_time":"2025-11-07T20:45:39+00:00","og_image":[{"url":"https:\/\/aklumina.com\/wp-content\/uploads\/2025\/09\/Ak-Lumina-16-819x1024.webp","type":"","width":"","height":""}],"twitter_card":"summary_large_image","twitter_misc":{"Est. reading time":"1 minut\u00eb"},"schema":{"@context":"https:\/\/schema.org","@graph":[{"@type":"WebPage","@id":"https:\/\/aklumina.com\/contact-us\/","url":"https:\/\/aklumina.com\/contact-us\/","name":"Contact Us - Ak Lumina","isPartOf":{"@id":"https:\/\/aklumina.com\/#website"},"primaryImageOfPage":{"@id":"https:\/\/aklumina.com\/contact-us\/#primaryimage"},"image":{"@id":"https:\/\/aklumina.com\/contact-us\/#primaryimage"},"thumbnailUrl":"https:\/\/aklumina.com\/wp-content\/uploads\/2025\/09\/Ak-Lumina-16-819x1024.webp","datePublished":"2021-05-20T11:50:30+00:00","dateModified":"2025-11-07T20:45:39+00:00","description":"E punuar me dor\u00eb nga materialet m\u00eb t\u00eb mira, duke siguruar q\u00eb \u00e7do qiri t\u00eb p\u00ebrmbush\u00eb standardet tona t\u00eb larta t\u00eb eleganc\u00ebs .","breadcrumb":{"@id":"https:\/\/aklumina.com\/contact-us\/#breadcrumb"},"inLanguage":"sq","potentialAction":[{"@type":"ReadAction","target":["https:\/\/aklumina.com\/contact-us\/"]}]},{"@type":"ImageObject","inLanguage":"sq","@id":"https:\/\/aklumina.com\/contact-us\/#primaryimage","url":"https:\/\/aklumina.com\/wp-content\/uploads\/2025\/09\/Ak-Lumina-16-819x1024.webp","contentUrl":"https:\/\/aklumina.com\/wp-content\/uploads\/2025\/09\/Ak-Lumina-16-819x1024.webp"},{"@type":"BreadcrumbList","@id":"https:\/\/aklumina.com\/contact-us\/#breadcrumb","itemListElement":[{"@type":"ListItem","position":1,"name":"Home","item":"https:\/\/aklumina.com\/"},{"@type":"ListItem","position":2,"name":"Contact Us"}]},{"@type":"WebSite","@id":"https:\/\/aklumina.com\/#website","url":"https:\/\/aklumina.com\/","name":"Ak Lumina","description":"Qiri ne Shqiperi","publisher":{"@id":"https:\/\/aklumina.com\/#organization"},"alternateName":"Ak Lumina","potentialAction":[{"@type":"SearchAction","target":{"@type":"EntryPoint","urlTemplate":"https:\/\/aklumina.com\/?s={search_term_string}"},"query-input":{"@type":"PropertyValueSpecification","valueRequired":true,"valueName":"search_term_string"}}],"inLanguage":"sq"},{"@type":"Organization","@id":"https:\/\/aklumina.com\/#organization","name":"Ak Lumina","alternateName":"Ak Lumina","url":"https:\/\/aklumina.com\/","logo":{"@type":"ImageObject","inLanguage":"sq","@id":"https:\/\/aklumina.com\/#\/schema\/logo\/image\/","url":"https:\/\/aklumina.com\/wp-content\/uploads\/2025\/11\/Add-a-heading-1.png","contentUrl":"https:\/\/aklumina.com\/wp-content\/uploads\/2025\/11\/Add-a-heading-1.png","width":1000,"height":1000,"caption":"Ak Lumina"},"image":{"@id":"https:\/\/aklumina.com\/#\/schema\/logo\/image\/"},"sameAs":["https:\/\/www.facebook.com\/profile.php?id=61573573688160"]}]}},"_links":{"self":[{"href":"https:\/\/aklumina.com\/sq\/wp-json\/wp\/v2\/pages\/1622","targetHints":{"allow":["GET"]}}],"collection":[{"href":"https:\/\/aklumina.com\/sq\/wp-json\/wp\/v2\/pages"}],"about":[{"href":"https:\/\/aklumina.com\/sq\/wp-json\/wp\/v2\/types\/page"}],"author":[{"embeddable":true,"href":"https:\/\/aklumina.com\/sq\/wp-json\/wp\/v2\/users\/1"}],"replies":[{"embeddable":true,"href":"https:\/\/aklumina.com\/sq\/wp-json\/wp\/v2\/comments?post=1622"}],"version-history":[{"count":108,"href":"https:\/\/aklumina.com\/sq\/wp-json\/wp\/v2\/pages\/1622\/revisions"}],"predecessor-version":[{"id":10520,"href":"https:\/\/aklumina.com\/sq\/wp-json\/wp\/v2\/pages\/1622\/revisions\/10520"}],"wp:attachment":[{"href":"https:\/\/aklumina.com\/sq\/wp-json\/wp\/v2\/media?parent=1622"}],"curies":[{"name":"wp","href":"https:\/\/api.w.org\/{rel}","templated":true}]}}